{"id":964,"date":"2021-04-06T10:36:38","date_gmt":"2021-04-06T13:36:38","guid":{"rendered":"https:\/\/marilumaygret.com.ar\/?page_id=964"},"modified":"2021-11-19T15:06:12","modified_gmt":"2021-11-19T18:06:12","slug":"about","status":"publish","type":"page","link":"https:\/\/marilumaygret.com.ar\/?page_id=964","title":{"rendered":"Sobre m\u00ed"},"content":{"rendered":"\n<div class=\"wp-block-group alignfull is-layout-flow wp-block-group-is-layout-flow\">\n<div class=\"wp-block-columns is-layout-flex wp-container-core-columns-is-layout-28f84493 wp-block-columns-is-layout-flex\">\n<div class=\"wp-block-column is-vertically-aligned-center is-layout-flow wp-block-column-is-layout-flow\">\n<h2 class=\"wp-block-heading\" id=\"siempre-intui-que-las-personas-tenemos-varias-vocaciones\">Siempre intu\u00ed que las personas tenemos varias vocaciones. <\/h2>\n<\/div>\n\n\n\n<div class=\"wp-block-column is-layout-flow wp-block-column-is-layout-flow\">\n<figure class=\"wp-block-image size-full\"><img loading=\"lazy\" decoding=\"async\" width=\"600\" height=\"600\" src=\"https:\/\/marilumaygret.com.ar\/wp-content\/uploads\/2021\/11\/sobre_cara.jpg\" alt=\"\" class=\"wp-image-1437\" srcset=\"https:\/\/marilumaygret.com.ar\/wp-content\/uploads\/2021\/11\/sobre_cara.jpg 600w, https:\/\/marilumaygret.com.ar\/wp-content\/uploads\/2021\/11\/sobre_cara-300x300.jpg 300w, https:\/\/marilumaygret.com.ar\/wp-content\/uploads\/2021\/11\/sobre_cara-150x150.jpg 150w\" sizes=\"auto, (max-width: 600px) 100vw, 600px\" \/><\/figure>\n<\/div>\n<\/div>\n\n\n\n<div class=\"wp-block-columns alignwide is-layout-flex wp-container-core-columns-is-layout-28f84493 wp-block-columns-is-layout-flex\">\n<div class=\"wp-block-column is-layout-flow wp-block-column-is-layout-flow\">\n<p>Me inici\u00e9 en la actividad art\u00edstica y trabaj\u00e9 como asistente de espect\u00e1culos teatrales a los 14 a\u00f1os. A esa edad las tareas que realizaba se parec\u00edan mucho a un divertido juego, hoy el placer es igual. En 1992 sub\u00ed a un escenario por primera vez para trabajar como actriz. Am\u00e9 desde ese instante a los autores cl\u00e1sicos.<\/p>\n\n\n\n<p>Dirigo espect\u00e1culos teatrales desde 1995 y en cada uno de ellos particip\u00e9 de la dramaturgia, as\u00ed como tambi\u00e9n de la realizaci\u00f3n t\u00e9cnica y la producci\u00f3n para llevarlos a escena. Para los que hacemos teatro independiente esto es muy com\u00fan, hoy ya no es tan necesario. Hay m\u00e1s roles.<\/p>\n\n\n\n<p>La escritura me acompa\u00f1a desde ni\u00f1a. Las primeras publicaciones period\u00edsticas aparecieron con mis 16 a\u00f1os. Escribo poes\u00edas, cuentos y obras de teatro, desde ese entonces. Me gusta especialmente la radio, la locuci\u00f3n, producir y guionar contenidos. Sue\u00f1o con dirigir y programar una estaci\u00f3n muy pronto.<\/p>\n<\/div>\n\n\n\n<div class=\"wp-block-column is-layout-flow wp-block-column-is-layout-flow\">\n<p>Desde 2009 disfruto de la fotograf\u00eda y del lenguaje audiovisual no s\u00f3lo por tratarse de disciplinas creativas y documentales, sino porque las im\u00e1genes me ayudan a observar la realidad, a mirarla en detalle y tambi\u00e9n aumentan mis ganas de trasformarla.<\/p>\n\n\n\n<p>Creo en la autogesti\u00f3n y en la b\u00fasqueda de espacios propios de expresi\u00f3n para nuestros mundos internos, en la tecnolog\u00eda que hace posible la magia de la comunicaci\u00f3n y acorta distancias. Defiendo el trabajo en cooperaci\u00f3n y los logros colectivos. Participo activamente mi comunidad y en diferentes grupos que generan peque\u00f1as revoluciones art\u00edsticas, sociales y culturales.<\/p>\n\n\n\n<p><\/p>\n<\/div>\n<\/div>\n\n\n\n<h6 class=\"has-text-align-center wp-block-heading\"><\/h6>\n\n\n\n<div class=\"wp-block-columns alignwide is-layout-flex wp-container-core-columns-is-layout-28f84493 wp-block-columns-is-layout-flex\"><\/div>\n<\/div>\n\n\n\n<div class=\"wp-block-group alignfull is-layout-flow wp-block-group-is-layout-flow\">\n<div class=\"wp-block-columns is-layout-flex wp-container-core-columns-is-layout-28f84493 wp-block-columns-is-layout-flex\">\n<div class=\"wp-block-column is-layout-flow wp-block-column-is-layout-flow\">\n<figure class=\"wp-block-image size-full\"><img loading=\"lazy\" decoding=\"async\" width=\"600\" height=\"600\" src=\"https:\/\/marilumaygret.com.ar\/wp-content\/uploads\/2021\/11\/sobre_mi_drive.jpg\" alt=\"\" class=\"wp-image-1434\" srcset=\"https:\/\/marilumaygret.com.ar\/wp-content\/uploads\/2021\/11\/sobre_mi_drive.jpg 600w, https:\/\/marilumaygret.com.ar\/wp-content\/uploads\/2021\/11\/sobre_mi_drive-300x300.jpg 300w, https:\/\/marilumaygret.com.ar\/wp-content\/uploads\/2021\/11\/sobre_mi_drive-150x150.jpg 150w\" sizes=\"auto, (max-width: 600px) 100vw, 600px\" \/><\/figure>\n<\/div>\n\n\n\n<div class=\"wp-block-column is-vertically-aligned-center is-layout-flow wp-block-column-is-layout-flow\">\n<h3 class=\"wp-block-heading\" id=\"leer-mucho-y-tener-fe-me-ha-cuidado-y-protegido-en-diferentes-momentos-de-mi-vida\">Leer mucho y tener fe me ha cuidado y protegido en diferentes momentos de mi vida.<\/h3>\n<\/div>\n<\/div>\n<\/div>\n\n\n\n<div class=\"wp-block-columns is-layout-flex wp-container-core-columns-is-layout-28f84493 wp-block-columns-is-layout-flex\">\n<div class=\"wp-block-column is-layout-flow wp-block-column-is-layout-flow\">\n<p>Siempre estoy enamor\u00e1ndome de mi trabajo. Mis ingresos los invierto en formaci\u00f3n y en generar proyectos nuevos. Mis grandes hobbys son la creaci\u00f3n de juegos mesa, los enigmas l\u00f3gicos y el ajedrez. Actualmente soy madre soltera, docente de Teatro en escuelas medias de mi ciudad, trabajo con m\u00fasicos y artistas asistiendo sus diferentes proyectos.<\/p>\n<\/div>\n\n\n\n<div class=\"wp-block-column is-layout-flow wp-block-column-is-layout-flow\">\n<p>Siempre estoy enamor\u00e1ndome de mi trabajo. Mis ingresos los invierto en formaci\u00f3n y en generar proyectos nuevos. Mis grandes hobbys son la creaci\u00f3n de juegos mesa, los enigmas l\u00f3gicos y el ajedrez. Actualmente soy madre soltera, docente de Teatro en escuelas medias de mi ciudad, trabajo con m\u00fasicos y artistas asistiendo sus diferentes proyectos.<\/p>\n<\/div>\n<\/div>\n\n\n\n<div class=\"wp-block-columns is-layout-flex wp-container-core-columns-is-layout-28f84493 wp-block-columns-is-layout-flex\">\n<div class=\"wp-block-column is-layout-flow wp-block-column-is-layout-flow\"><\/div>\n<\/div>\n\n\n\n<div class=\"wp-block-cover alignfull\" style=\"min-height:242px;aspect-ratio:unset;\"><span aria-hidden=\"true\" class=\"has-ast-global-color-0-background-color has-background-dim-80 wp-block-cover__gradient-background has-background-dim\"><\/span><div class=\"wp-block-cover__inner-container is-layout-flow wp-block-cover-is-layout-flow\">\n<h4 class=\"has-text-align-center has-white-color has-text-color wp-block-heading\" id=\"cualquier-consulta-o-duda-me-encontras-en-el-549-114027-9080\"> Cualquier consulta o duda me encontr\u00e1s en el +549 114027-9080 <\/h4>\n\n\n\n<div class=\"wp-block-buttons is-content-justification-center is-layout-flex wp-block-buttons-is-layout-flex\">\n<div class=\"wp-block-button is-style-fill\"><a class=\"wp-block-button__link has-background\" href=\"https:\/\/wa.me\/5491140279080\" style=\"background-color:#538d5f\" target=\"_blank\" rel=\"noreferrer noopener\">mensaje por whatsapp<\/a><\/div>\n<\/div>\n<\/div><\/div>\n\n\n\n<p><\/p>\n","protected":false},"excerpt":{"rendered":"<p>Siempre intu\u00ed que las personas tenemos varias vocaciones. Me inici\u00e9 en la actividad art\u00edstica y trabaj\u00e9 como asistente de espect\u00e1culos teatrales a los 14 a\u00f1os. A esa edad las tareas que realizaba se parec\u00edan mucho a un divertido juego, hoy el placer es igual. En 1992 sub\u00ed a un escenario por primera vez para trabajar [&hellip;]<\/p>\n","protected":false},"author":1,"featured_media":0,"parent":0,"menu_order":0,"comment_status":"closed","ping_status":"closed","template":"","meta":{"_monsterinsights_skip_tracking":false,"_monsterinsights_sitenote_active":false,"_monsterinsights_sitenote_note":"","_monsterinsights_sitenote_category":0,"site-sidebar-layout":"no-sidebar","site-content-layout":"plain-container","ast-site-content-layout":"default","site-content-style":"default","site-sidebar-style":"default","ast-global-header-display":"","ast-banner-title-visibility":"","ast-main-header-display":"","ast-hfb-above-header-display":"","ast-hfb-below-header-display":"","ast-hfb-mobile-header-display":"","site-post-title":"disabled","ast-breadcrumbs-content":"disabled","ast-featured-img":"disabled","footer-sml-layout":"","ast-disable-related-posts":"","theme-transparent-header-meta":"disabled","adv-header-id-meta":"","stick-header-meta":"","header-above-stick-meta":"","header-main-stick-meta":"","header-below-stick-meta":"","astra-migrate-meta-layouts":"default","ast-page-background-enabled":"default","ast-page-background-meta":{"desktop":{"background-color":"","background-image":"","background-repeat":"repeat","background-position":"center center","background-size":"auto","background-attachment":"scroll","background-type":"","background-media":"","overlay-type":"","overlay-color":"","overlay-opacity":"","overlay-gradient":""},"tablet":{"background-color":"","background-image":"","background-repeat":"repeat","background-position":"center center","background-size":"auto","background-attachment":"scroll","background-type":"","background-media":"","overlay-type":"","overlay-color":"","overlay-opacity":"","overlay-gradient":""},"mobile":{"background-color":"","background-image":"","background-repeat":"repeat","background-position":"center center","background-size":"auto","background-attachment":"scroll","background-type":"","background-media":"","overlay-type":"","overlay-color":"","overlay-opacity":"","overlay-gradient":""}},"ast-content-background-meta":{"desktop":{"background-color":"var(--ast-global-color-5)","background-image":"","background-repeat":"repeat","background-position":"center center","background-size":"auto","background-attachment":"scroll","background-type":"","background-media":"","overlay-type":"","overlay-color":"","overlay-opacity":"","overlay-gradient":""},"tablet":{"background-color":"var(--ast-global-color-5)","background-image":"","background-repeat":"repeat","background-position":"center center","background-size":"auto","background-attachment":"scroll","background-type":"","background-media":"","overlay-type":"","overlay-color":"","overlay-opacity":"","overlay-gradient":""},"mobile":{"background-color":"var(--ast-global-color-5)","background-image":"","background-repeat":"repeat","background-position":"center center","background-size":"auto","background-attachment":"scroll","background-type":"","background-media":"","overlay-type":"","overlay-color":"","overlay-opacity":"","overlay-gradient":""}},"footnotes":""},"class_list":["post-964","page","type-page","status-publish","hentry"],"aioseo_notices":[],"_hostinger_reach_plugin_has_subscription_block":false,"_hostinger_reach_plugin_is_elementor":false,"_links":{"self":[{"href":"https:\/\/marilumaygret.com.ar\/index.php?rest_route=\/wp\/v2\/pages\/964","targetHints":{"allow":["GET"]}}],"collection":[{"href":"https:\/\/marilumaygret.com.ar\/index.php?rest_route=\/wp\/v2\/pages"}],"about":[{"href":"https:\/\/marilumaygret.com.ar\/index.php?rest_route=\/wp\/v2\/types\/page"}],"author":[{"embeddable":true,"href":"https:\/\/marilumaygret.com.ar\/index.php?rest_route=\/wp\/v2\/users\/1"}],"replies":[{"embeddable":true,"href":"https:\/\/marilumaygret.com.ar\/index.php?rest_route=%2Fwp%2Fv2%2Fcomments&post=964"}],"version-history":[{"count":21,"href":"https:\/\/marilumaygret.com.ar\/index.php?rest_route=\/wp\/v2\/pages\/964\/revisions"}],"predecessor-version":[{"id":1502,"href":"https:\/\/marilumaygret.com.ar\/index.php?rest_route=\/wp\/v2\/pages\/964\/revisions\/1502"}],"wp:attachment":[{"href":"https:\/\/marilumaygret.com.ar\/index.php?rest_route=%2Fwp%2Fv2%2Fmedia&parent=964"}],"curies":[{"name":"wp","href":"https:\/\/api.w.org\/{rel}","templated":true}]}}